{"id":1005,"date":"2024-06-02T01:27:34","date_gmt":"2024-06-01T23:27:34","guid":{"rendered":"https:\/\/ambery.parusdesign.pl\/?post_type=product&#038;p=1005"},"modified":"2024-06-02T02:08:29","modified_gmt":"2024-06-02T00:08:29","slug":"ambery-scrunchie","status":"publish","type":"product","link":"https:\/\/ambery.parusdesign.pl\/en\/product\/ambery-scrunchie\/","title":{"rendered":"Ambery scrunchie"},"content":{"rendered":"<p>Wyj\u0105tkowa gumka do w\u0142os\u00f3w typu scrunchie, wykonana z naturalnego jedwabiu, ozdobiona z\u0142otym elementem z bursztynowym guzikiem. Przykuje uwag\u0119 ka\u017cdego, nawet najbardziej wymagaj\u0105cego mi\u0142o\u015bnika eleganckich dodatk\u00f3w.<\/p>","protected":false},"excerpt":{"rendered":"<p>Wyj\u0105tkowa gumka do w\u0142os\u00f3w typu scrunchie, wykonana z naturalnego jedwabiu, ozdobiona z\u0142otym elementem z bursztynowym guzikiem. Przykuje uwag\u0119 ka\u017cdego, nawet najbardziej wymagaj\u0105cego mi\u0142o\u015bnika eleganckich dodatk\u00f3w.<\/p>","protected":false},"featured_media":0,"comment_status":"open","ping_status":"closed","template":"","meta":[],"product_cat":[36],"product_tag":[],"class_list":{"0":"post-1005","1":"product","2":"type-product","3":"status-publish","5":"product_cat-scrunchie","7":"first","8":"instock","9":"shipping-taxable","10":"purchasable","11":"product-type-simple"},"_links":{"self":[{"href":"https:\/\/ambery.parusdesign.pl\/en\/wp-json\/wp\/v2\/product\/1005","targetHints":{"allow":["GET"]}}],"collection":[{"href":"https:\/\/ambery.parusdesign.pl\/en\/wp-json\/wp\/v2\/product"}],"about":[{"href":"https:\/\/ambery.parusdesign.pl\/en\/wp-json\/wp\/v2\/types\/product"}],"replies":[{"embeddable":true,"href":"https:\/\/ambery.parusdesign.pl\/en\/wp-json\/wp\/v2\/comments?post=1005"}],"wp:attachment":[{"href":"https:\/\/ambery.parusdesign.pl\/en\/wp-json\/wp\/v2\/media?parent=1005"}],"wp:term":[{"taxonomy":"product_cat","embeddable":true,"href":"https:\/\/ambery.parusdesign.pl\/en\/wp-json\/wp\/v2\/product_cat?post=1005"},{"taxonomy":"product_tag","embeddable":true,"href":"https:\/\/ambery.parusdesign.pl\/en\/wp-json\/wp\/v2\/product_tag?post=1005"}],"curies":[{"name":"wp","href":"https:\/\/api.w.org\/{rel}","templated":true}]}}